{"id":3474,"date":"2024-04-15T12:18:35","date_gmt":"2024-04-15T18:18:35","guid":{"rendered":"https:\/\/www.dolphindentalsc.com\/?page_id=3474"},"modified":"2024-05-30T15:57:36","modified_gmt":"2024-05-30T21:57:36","slug":"how-braces-work","status":"publish","type":"page","link":"https:\/\/www.dolphindentalsc.com\/es\/services\/orthodontics\/how-braces-work\/","title":{"rendered":"Qu\u00e9 resultados ofrece una ortodoncia"},"content":{"rendered":"<h2>Qu\u00e9 resultados ofrece una ortodoncia en North Charleston, SC<\/h2>\n<p>Si tu hijo necesita una ortodoncia, conviene que conozcas las opciones de tratamiento y qu\u00e9 va a ocurrir durante el mismo. Estamos siempre a disposici\u00f3n de pacientes y cuidadores, y si les surge alguna duda, la resolvemos como profesionales de la odontolog\u00eda. Cuanto mejor entiendan el tratamiento de ortodoncia el paciente y el cuidador, m\u00e1s capacitados se sentir\u00e1n a la hora de tomar decisiones y m\u00e1s preparados estar\u00e1n para la ortodoncia.<\/p>\n<blockquote>\n<h5><em> <img loading=\"lazy\" decoding=\"async\" class=\"alignnone wp-image-3764\" src=\"https:\/\/www.dolphindentalsc.com\/wp-content\/uploads\/2024\/08\/lightbulb.png\" alt=\"\" width=\"35\" height=\"35\" \/>\u00bfSAB\u00cdAS QU\u00c9...? <\/em><\/h5>\n<p> Los antiguos romanos utilizaban aparatos de ortodoncia fijando un alambre de oro, conocido como alambre de ligadura, ensartado en los dientes.<\/em><\/p><\/blockquote>\n<h2>Opciones de tratamiento ortod\u00f3ncico<\/h2>\n<p>En primer lugar, nuestro equipo estudiar\u00e1 las distintas opciones de tratamiento disponibles para tu hijo. Ten en cuenta que no todos los casos permiten aplicar todas las soluciones. Algunos pacientes necesitan un tipo espec\u00edfico de aparato, y nuestro equipo te informar\u00e1 de las alternativas disponibles para tu hijo.<\/p>\n<h2>Pasos del tratamiento de ortodoncia<\/h2>\n<p>Aunque la experiencia de cada paciente es \u00fanica, los siguientes pasos son los habituales durante la etapa de ortodoncia.<\/p>\n<ol>\n<li>Nuestro equipo atiende la <a href=\"\/es\/servicios\/ortodoncia\/consulta-gratuita-de-ortodoncia\/\">consulta inicial<\/a> y realiza radiograf\u00edas.<\/li>\n<li>Colocamos los brackets y alambres en los dientes (para los aparatos dentales tradicionales).<\/li>\n<li>El paciente acude a las visitas cada seis semanas para realizar ajustes o cambiar los alineadores.<\/li>\n<li>Retiramos los aparatos al finalizar el tratamiento.<\/li>\n<li>El paciente utiliza un retenedor de forma continua para mantener los dientes alineados.<\/li>\n<\/ol>\n<h2>Los brackets de tu hijo<\/h2>\n<p>En la mayor\u00eda de los casos, la soluci\u00f3n m\u00e1s adecuada para los ni\u00f1os son los <a href=\"\/es\/servicios\/ortodoncia\/correctores-dentales-clasicos\/\">aparatos met\u00e1licos tradicionales<\/a>. Trae a tus hijos a una consulta de ortodoncia entre los 7 y los 10 a\u00f1os. Nuestro ortodoncista infantil determinar\u00e1 si los dientes est\u00e1n bien espaciados, la mand\u00edbula est\u00e1 alineada y el paladar superior es lo bastante ancho como para alojar los dientes permanentes.<\/p>\n<p>Los ni\u00f1os peque\u00f1os que necesiten aparatos, espaciadores o un expansor palatino entrar\u00e1n en la Fase 1 del tratamiento ortod\u00f3ncico para preparar la boca para unos dientes correctamente espaciados y alineados. La duraci\u00f3n del tratamiento var\u00eda seg\u00fan el caso, pero suele oscilar entre 6 y 18 meses. Una vez finalizado el procedimiento, hay que llevar un retenedor para mantener la alineaci\u00f3n.<\/p>\n<p>La fase 2 del tratamiento de ortodoncia suele comenzar alrededor de los 11 a\u00f1os en adelante. La ortodoncia de fase 2 se centra en alinear correctamente los dientes permanentes y puede durar, por t\u00e9rmino medio, de 12 a 20 meses.<\/p>\n<h2>Inicio del tratamiento de ortodoncia<\/h2>\n<p>La terapia ortod\u00f3ncica para tu hijo no tiene por qu\u00e9 ser una experiencia aterradora. \u00a1Al informarse sobre el funcionamiento de los aparatos y saber qu\u00e9 ocurrir\u00e1 durante el tratamiento, todo el proceso puede transcurrir sin estr\u00e9s! Ponte hoy mismo en contacto con nuestra consulta de North Charleston para concertar una <a href=\"\/es\/servicios\/ortodoncia\/consulta-gratuita-de-ortodoncia\/\">Consulta gratuita de ortodoncia<\/a> para tu hijo.<\/p>","protected":false},"excerpt":{"rendered":"<p>Cuando tu hijo empieza un tratamiento de ortodoncia, puede ser muy importante que todos sepan qu\u00e9 se puede esperar y c\u00f3mo funcionan los aparatos. El equipo de Dolphin Dental est\u00e1 aqu\u00ed para responder a cualquier pregunta que te surja.<\/p>","protected":false},"author":2,"featured_media":3654,"parent":3300,"menu_order":0,"comment_status":"closed","ping_status":"closed","template":"","meta":{"_et_pb_use_builder":"","_et_pb_old_content":"","_et_gb_content_width":"","_monsterinsights_skip_tracking":false,"_monsterinsights_sitenote_active":false,"_monsterinsights_sitenote_note":"","_monsterinsights_sitenote_category":0,"footnotes":""},"class_list":["post-3474","page","type-page","status-publish","has-post-thumbnail","hentry"],"aioseo_notices":[],"aioseo_head":"\n\t\t<!-- All in One SEO Pro 4.9.6.2 - aioseo.com -->\n\t<meta name=\"description\" content=\"The better a patient and parent understand orthodontic treatment in North Charleston, the more empowered and prepared they\u2019ll be for the treatment.\" \/>\n\t<meta name=\"robots\" content=\"max-image-preview:large\" \/>\n\t<link rel=\"canonical\" href=\"https:\/\/www.dolphindentalsc.com\/es\/services\/orthodontics\/how-braces-work\/\" \/>\n\t<meta name=\"generator\" content=\"All in One SEO Pro (AIOSEO) 4.9.6.2\" \/>\n\t\t<meta property=\"og:locale\" content=\"es_MX\" \/>\n\t\t<meta property=\"og:site_name\" content=\"Dolphin Dental | Our dental office is devoted to serving our community and ensuring everyone has affordable access to dental care. We have several payment options available in addition to dental insurance, including Medicaid and CareCredit.\" \/>\n\t\t<meta property=\"og:type\" content=\"company\" \/>\n\t\t<meta property=\"og:title\" content=\"How Braces Work in North Charleston | Dolphin Dental\" \/>\n\t\t<meta property=\"og:description\" content=\"The better a patient and parent understand orthodontic treatment in North Charleston, the more empowered and prepared they\u2019ll be for the treatment.\" \/>\n\t\t<meta property=\"og:url\" content=\"https:\/\/www.dolphindentalsc.com\/es\/services\/orthodontics\/how-braces-work\/\" \/>\n\t\t<meta property=\"og:image\" content=\"https:\/\/www.dolphindentalsc.com\/wp-content\/uploads\/2024\/05\/LifeWithBraces.jpg\" \/>\n\t\t<meta property=\"og:image:secure_url\" content=\"https:\/\/www.dolphindentalsc.com\/wp-content\/uploads\/2024\/05\/LifeWithBraces.jpg\" \/>\n\t\t<meta property=\"og:image:width\" content=\"600\" \/>\n\t\t<meta property=\"og:image:height\" content=\"600\" \/>\n\t\t<meta name=\"twitter:card\" content=\"summary_large_image\" \/>\n\t\t<meta name=\"twitter:title\" content=\"How Braces Work in North Charleston | Dolphin Dental\" \/>\n\t\t<meta name=\"twitter:description\" content=\"The better a patient and parent understand orthodontic treatment in North Charleston, the more empowered and prepared they\u2019ll be for the treatment.\" \/>\n\t\t<meta name=\"twitter:image\" content=\"https:\/\/www.dolphindentalsc.com\/wp-content\/uploads\/2024\/08\/Dolphin-Dental-Logo.png\" \/>\n\t\t<script type=\"application\/ld+json\" class=\"aioseo-schema\">\n\t\t\t{\"@context\":\"https:\\\/\\\/schema.org\",\"@graph\":[{\"@type\":\"BreadcrumbList\",\"@id\":\"https:\\\/\\\/www.dolphindentalsc.com\\\/es\\\/services\\\/orthodontics\\\/how-braces-work\\\/#breadcrumblist\",\"itemListElement\":[{\"@type\":\"ListItem\",\"@id\":\"https:\\\/\\\/www.dolphindentalsc.com\\\/es#listItem\",\"position\":1,\"name\":\"Home\",\"item\":\"https:\\\/\\\/www.dolphindentalsc.com\\\/es\",\"nextItem\":{\"@type\":\"ListItem\",\"@id\":\"https:\\\/\\\/www.dolphindentalsc.com\\\/es\\\/services\\\/#listItem\",\"name\":\"Services\"}},{\"@type\":\"ListItem\",\"@id\":\"https:\\\/\\\/www.dolphindentalsc.com\\\/es\\\/services\\\/#listItem\",\"position\":2,\"name\":\"Services\",\"item\":\"https:\\\/\\\/www.dolphindentalsc.com\\\/es\\\/services\\\/\",\"nextItem\":{\"@type\":\"ListItem\",\"@id\":\"https:\\\/\\\/www.dolphindentalsc.com\\\/es\\\/services\\\/orthodontics\\\/#listItem\",\"name\":\"Orthodontics\"},\"previousItem\":{\"@type\":\"ListItem\",\"@id\":\"https:\\\/\\\/www.dolphindentalsc.com\\\/es#listItem\",\"name\":\"Home\"}},{\"@type\":\"ListItem\",\"@id\":\"https:\\\/\\\/www.dolphindentalsc.com\\\/es\\\/services\\\/orthodontics\\\/#listItem\",\"position\":3,\"name\":\"Orthodontics\",\"item\":\"https:\\\/\\\/www.dolphindentalsc.com\\\/es\\\/services\\\/orthodontics\\\/\",\"nextItem\":{\"@type\":\"ListItem\",\"@id\":\"https:\\\/\\\/www.dolphindentalsc.com\\\/es\\\/services\\\/orthodontics\\\/how-braces-work\\\/#listItem\",\"name\":\"How Braces Work\"},\"previousItem\":{\"@type\":\"ListItem\",\"@id\":\"https:\\\/\\\/www.dolphindentalsc.com\\\/es\\\/services\\\/#listItem\",\"name\":\"Services\"}},{\"@type\":\"ListItem\",\"@id\":\"https:\\\/\\\/www.dolphindentalsc.com\\\/es\\\/services\\\/orthodontics\\\/how-braces-work\\\/#listItem\",\"position\":4,\"name\":\"How Braces Work\",\"previousItem\":{\"@type\":\"ListItem\",\"@id\":\"https:\\\/\\\/www.dolphindentalsc.com\\\/es\\\/services\\\/orthodontics\\\/#listItem\",\"name\":\"Orthodontics\"}}]},{\"@type\":\"Organization\",\"@id\":\"https:\\\/\\\/www.dolphindentalsc.com\\\/es\\\/#organization\",\"name\":\"Dolphin Dental\",\"description\":\"Our dental office is devoted to serving our community and ensuring everyone has affordable access to dental care. We have several payment options available in addition to dental insurance, including Medicaid and CareCredit.\",\"url\":\"https:\\\/\\\/www.dolphindentalsc.com\\\/es\\\/\",\"email\":\"info@dolphindentalsc.com\",\"telephone\":\"+18437894023\",\"logo\":{\"@type\":\"ImageObject\",\"url\":\"https:\\\/\\\/www.dolphindentalsc.com\\\/wp-content\\\/uploads\\\/2024\\\/08\\\/Dolphin-Dental-Logo.png\",\"@id\":\"https:\\\/\\\/www.dolphindentalsc.com\\\/es\\\/services\\\/orthodontics\\\/how-braces-work\\\/#organizationLogo\",\"width\":300,\"height\":136},\"image\":{\"@id\":\"https:\\\/\\\/www.dolphindentalsc.com\\\/es\\\/services\\\/orthodontics\\\/how-braces-work\\\/#organizationLogo\"},\"sameAs\":[\"https:\\\/\\\/www.facebook.com\\\/dolphindentalsc\\\/\",\"https:\\\/\\\/www.yelp.com\\\/biz\\\/dolphin-dental-north-charleston\"],\"address\":{\"@id\":\"https:\\\/\\\/www.dolphindentalsc.com\\\/es\\\/#postaladdress\",\"@type\":\"PostalAddress\",\"streetAddress\":\"6877 Dorchester Rd., Unit #11\",\"postalCode\":\"29418\",\"addressLocality\":\"North Charleston\",\"addressRegion\":\"South Carolina\",\"addressCountry\":\"US\"}},{\"@type\":\"WebPage\",\"@id\":\"https:\\\/\\\/www.dolphindentalsc.com\\\/es\\\/services\\\/orthodontics\\\/how-braces-work\\\/#webpage\",\"url\":\"https:\\\/\\\/www.dolphindentalsc.com\\\/es\\\/services\\\/orthodontics\\\/how-braces-work\\\/\",\"name\":\"How Braces Work in North Charleston | Dolphin Dental\",\"description\":\"The better a patient and parent understand orthodontic treatment in North Charleston, the more empowered and prepared they\\u2019ll be for the treatment.\",\"inLanguage\":\"es-MX\",\"isPartOf\":{\"@id\":\"https:\\\/\\\/www.dolphindentalsc.com\\\/es\\\/#website\"},\"breadcrumb\":{\"@id\":\"https:\\\/\\\/www.dolphindentalsc.com\\\/es\\\/services\\\/orthodontics\\\/how-braces-work\\\/#breadcrumblist\"},\"image\":{\"@type\":\"ImageObject\",\"url\":\"https:\\\/\\\/www.dolphindentalsc.com\\\/wp-content\\\/uploads\\\/2024\\\/05\\\/LifeWithBraces.jpg\",\"@id\":\"https:\\\/\\\/www.dolphindentalsc.com\\\/es\\\/services\\\/orthodontics\\\/how-braces-work\\\/#mainImage\",\"width\":600,\"height\":600,\"caption\":\"Girl showcasing braces options\"},\"primaryImageOfPage\":{\"@id\":\"https:\\\/\\\/www.dolphindentalsc.com\\\/es\\\/services\\\/orthodontics\\\/how-braces-work\\\/#mainImage\"},\"datePublished\":\"2024-04-15T12:18:35-06:00\",\"dateModified\":\"2024-05-30T15:57:36-06:00\"},{\"@type\":\"WebSite\",\"@id\":\"https:\\\/\\\/www.dolphindentalsc.com\\\/es\\\/#website\",\"url\":\"https:\\\/\\\/www.dolphindentalsc.com\\\/es\\\/\",\"name\":\"Dolphin Dental\",\"alternateName\":\"Dolphin Dental\",\"description\":\"Our dental office is devoted to serving our community and ensuring everyone has affordable access to dental care. We have several payment options available in addition to dental insurance, including Medicaid and CareCredit.\",\"inLanguage\":\"es-MX\",\"publisher\":{\"@id\":\"https:\\\/\\\/www.dolphindentalsc.com\\\/es\\\/#organization\"}}]}\n\t\t<\/script>\n\t\t<!-- All in One SEO Pro -->\r\n\t\t<title>How Braces Work in North Charleston | Dolphin Dental<\/title>\n\n","aioseo_head_json":{"title":"Qu\u00e9 resultados ofrece una ortodoncia en North Charleston | Dolphin Dental","description":"Cuanto mejor entiendan un paciente y sus padres un tratamiento de ortodoncia, m\u00e1s capacitados y preparados estar\u00e1n para el mismo.","canonical_url":"https:\/\/www.dolphindentalsc.com\/es\/services\/orthodontics\/how-braces-work\/","robots":"max-image-preview:large","keywords":"","webmasterTools":{"miscellaneous":""},"schema":{"@context":"https:\/\/schema.org","@graph":[{"@type":"BreadcrumbList","@id":"https:\/\/www.dolphindentalsc.com\/es\/services\/orthodontics\/how-braces-work\/#breadcrumblist","itemListElement":[{"@type":"ListItem","@id":"https:\/\/www.dolphindentalsc.com\/es#listItem","position":1,"name":"Home","item":"https:\/\/www.dolphindentalsc.com\/es","nextItem":{"@type":"ListItem","@id":"https:\/\/www.dolphindentalsc.com\/es\/services\/#listItem","name":"Services"}},{"@type":"ListItem","@id":"https:\/\/www.dolphindentalsc.com\/es\/services\/#listItem","position":2,"name":"Services","item":"https:\/\/www.dolphindentalsc.com\/es\/services\/","nextItem":{"@type":"ListItem","@id":"https:\/\/www.dolphindentalsc.com\/es\/services\/orthodontics\/#listItem","name":"Orthodontics"},"previousItem":{"@type":"ListItem","@id":"https:\/\/www.dolphindentalsc.com\/es#listItem","name":"Home"}},{"@type":"ListItem","@id":"https:\/\/www.dolphindentalsc.com\/es\/services\/orthodontics\/#listItem","position":3,"name":"Orthodontics","item":"https:\/\/www.dolphindentalsc.com\/es\/services\/orthodontics\/","nextItem":{"@type":"ListItem","@id":"https:\/\/www.dolphindentalsc.com\/es\/services\/orthodontics\/how-braces-work\/#listItem","name":"How Braces Work"},"previousItem":{"@type":"ListItem","@id":"https:\/\/www.dolphindentalsc.com\/es\/services\/#listItem","name":"Services"}},{"@type":"ListItem","@id":"https:\/\/www.dolphindentalsc.com\/es\/services\/orthodontics\/how-braces-work\/#listItem","position":4,"name":"How Braces Work","previousItem":{"@type":"ListItem","@id":"https:\/\/www.dolphindentalsc.com\/es\/services\/orthodontics\/#listItem","name":"Orthodontics"}}]},{"@type":"Organization","@id":"https:\/\/www.dolphindentalsc.com\/es\/#organization","name":"Dolphin Dental","description":"Our dental office is devoted to serving our community and ensuring everyone has affordable access to dental care. We have several payment options available in addition to dental insurance, including Medicaid and CareCredit.","url":"https:\/\/www.dolphindentalsc.com\/es\/","email":"info@dolphindentalsc.com","telephone":"+18437894023","logo":{"@type":"ImageObject","url":"https:\/\/www.dolphindentalsc.com\/wp-content\/uploads\/2024\/08\/Dolphin-Dental-Logo.png","@id":"https:\/\/www.dolphindentalsc.com\/es\/services\/orthodontics\/how-braces-work\/#organizationLogo","width":300,"height":136},"image":{"@id":"https:\/\/www.dolphindentalsc.com\/es\/services\/orthodontics\/how-braces-work\/#organizationLogo"},"sameAs":["https:\/\/www.facebook.com\/dolphindentalsc\/","https:\/\/www.yelp.com\/biz\/dolphin-dental-north-charleston"],"address":{"@id":"https:\/\/www.dolphindentalsc.com\/es\/#postaladdress","@type":"PostalAddress","streetAddress":"6877 Dorchester Rd., Unit #11","postalCode":"29418","addressLocality":"North Charleston","addressRegion":"South Carolina","addressCountry":"US"}},{"@type":"WebPage","@id":"https:\/\/www.dolphindentalsc.com\/es\/services\/orthodontics\/how-braces-work\/#webpage","url":"https:\/\/www.dolphindentalsc.com\/es\/services\/orthodontics\/how-braces-work\/","name":"How Braces Work in North Charleston | Dolphin Dental","description":"The better a patient and parent understand orthodontic treatment in North Charleston, the more empowered and prepared they\u2019ll be for the treatment.","inLanguage":"es-MX","isPartOf":{"@id":"https:\/\/www.dolphindentalsc.com\/es\/#website"},"breadcrumb":{"@id":"https:\/\/www.dolphindentalsc.com\/es\/services\/orthodontics\/how-braces-work\/#breadcrumblist"},"image":{"@type":"ImageObject","url":"https:\/\/www.dolphindentalsc.com\/wp-content\/uploads\/2024\/05\/LifeWithBraces.jpg","@id":"https:\/\/www.dolphindentalsc.com\/es\/services\/orthodontics\/how-braces-work\/#mainImage","width":600,"height":600,"caption":"Girl showcasing braces options"},"primaryImageOfPage":{"@id":"https:\/\/www.dolphindentalsc.com\/es\/services\/orthodontics\/how-braces-work\/#mainImage"},"datePublished":"2024-04-15T12:18:35-06:00","dateModified":"2024-05-30T15:57:36-06:00"},{"@type":"WebSite","@id":"https:\/\/www.dolphindentalsc.com\/es\/#website","url":"https:\/\/www.dolphindentalsc.com\/es\/","name":"Dolphin Dental","alternateName":"Dolphin Dental","description":"Our dental office is devoted to serving our community and ensuring everyone has affordable access to dental care. We have several payment options available in addition to dental insurance, including Medicaid and CareCredit.","inLanguage":"es-MX","publisher":{"@id":"https:\/\/www.dolphindentalsc.com\/es\/#organization"}}]},"og:locale":"es_MX","og:site_name":"Dolphin Dental | Our dental office is devoted to serving our community and ensuring everyone has affordable access to dental care. We have several payment options available in addition to dental insurance, including Medicaid and CareCredit.","og:type":"company","og:title":"How Braces Work in North Charleston | Dolphin Dental","og:description":"The better a patient and parent understand orthodontic treatment in North Charleston, the more empowered and prepared they\u2019ll be for the treatment.","og:url":"https:\/\/www.dolphindentalsc.com\/es\/services\/orthodontics\/how-braces-work\/","og:image":"https:\/\/www.dolphindentalsc.com\/wp-content\/uploads\/2024\/05\/LifeWithBraces.jpg","og:image:secure_url":"https:\/\/www.dolphindentalsc.com\/wp-content\/uploads\/2024\/05\/LifeWithBraces.jpg","og:image:width":600,"og:image:height":600,"twitter:card":"summary_large_image","twitter:title":"How Braces Work in North Charleston | Dolphin Dental","twitter:description":"The better a patient and parent understand orthodontic treatment in North Charleston, the more empowered and prepared they\u2019ll be for the treatment.","twitter:image":"https:\/\/www.dolphindentalsc.com\/wp-content\/uploads\/2024\/08\/Dolphin-Dental-Logo.png"},"aioseo_meta_data":{"post_id":"3474","title":null,"description":null,"keywords":null,"keyphrases":{"focus":{"keyphrase":"","score":0,"analysis":{"keyphraseInTitle":{"score":0,"maxScore":9,"error":1}}},"additional":[]},"primary_term":null,"canonical_url":null,"og_title":null,"og_description":null,"og_object_type":"default","og_image_type":"default","og_image_url":null,"og_image_width":null,"og_image_height":null,"og_image_custom_url":null,"og_image_custom_fields":null,"og_video":"","og_custom_url":null,"og_article_section":null,"og_article_tags":null,"twitter_use_og":false,"twitter_card":"default","twitter_image_type":"default","twitter_image_url":null,"twitter_image_custom_url":null,"twitter_image_custom_fields":null,"twitter_title":null,"twitter_description":null,"schema":{"blockGraphs":[],"customGraphs":[],"default":{"data":{"Article":[],"Course":[],"Dataset":[],"FAQPage":[],"Movie":[],"Person":[],"Product":[],"ProductReview":[],"Car":[],"Recipe":[],"Service":[],"SoftwareApplication":[],"WebPage":[]},"graphName":"WebPage","isEnabled":true},"graphs":[]},"schema_type":"default","schema_type_options":null,"pillar_content":false,"robots_default":true,"robots_noindex":false,"robots_noarchive":false,"robots_nosnippet":false,"robots_nofollow":false,"robots_noimageindex":false,"robots_noodp":false,"robots_notranslate":false,"robots_max_snippet":"-1","robots_max_videopreview":"-1","robots_max_imagepreview":"large","priority":null,"frequency":"default","local_seo":null,"seo_analyzer_scan_date":"2025-08-15 02:10:22","limit_modified_date":false,"open_ai":"{\"title\":{\"suggestions\":[],\"usage\":0},\"description\":{\"suggestions\":[],\"usage\":0}}","ai":null,"created":"2024-04-15 18:18:35","updated":"2025-10-21 20:07:43"},"aioseo_breadcrumb":"<div class=\"aioseo-breadcrumbs\"><span class=\"aioseo-breadcrumb\">\n\t<a href=\"https:\/\/www.dolphindentalsc.com\/es\" title=\"Home\">Home<\/a>\n<\/span><span class=\"aioseo-breadcrumb-separator\">&raquo;<\/span><span class=\"aioseo-breadcrumb\">\n\t<a href=\"https:\/\/www.dolphindentalsc.com\/es\/services\/\" title=\"Services\">Services<\/a>\n<\/span><span class=\"aioseo-breadcrumb-separator\">&raquo;<\/span><span class=\"aioseo-breadcrumb\">\n\t<a href=\"https:\/\/www.dolphindentalsc.com\/es\/services\/orthodontics\/\" title=\"Orthodontics\">Orthodontics<\/a>\n<\/span><span class=\"aioseo-breadcrumb-separator\">&raquo;<\/span><span class=\"aioseo-breadcrumb\">\n\tHow Braces Work\n<\/span><\/div>","aioseo_breadcrumb_json":[{"label":"Home","link":"https:\/\/www.dolphindentalsc.com\/es"},{"label":"Services","link":"https:\/\/www.dolphindentalsc.com\/es\/services\/"},{"label":"Orthodontics","link":"https:\/\/www.dolphindentalsc.com\/es\/services\/orthodontics\/"},{"label":"How Braces Work","link":"https:\/\/www.dolphindentalsc.com\/es\/services\/orthodontics\/how-braces-work\/"}],"_links":{"self":[{"href":"https:\/\/www.dolphindentalsc.com\/es\/wp-json\/wp\/v2\/pages\/3474","targetHints":{"allow":["GET"]}}],"collection":[{"href":"https:\/\/www.dolphindentalsc.com\/es\/wp-json\/wp\/v2\/pages"}],"about":[{"href":"https:\/\/www.dolphindentalsc.com\/es\/wp-json\/wp\/v2\/types\/page"}],"author":[{"embeddable":true,"href":"https:\/\/www.dolphindentalsc.com\/es\/wp-json\/wp\/v2\/users\/2"}],"replies":[{"embeddable":true,"href":"https:\/\/www.dolphindentalsc.com\/es\/wp-json\/wp\/v2\/comments?post=3474"}],"version-history":[{"count":0,"href":"https:\/\/www.dolphindentalsc.com\/es\/wp-json\/wp\/v2\/pages\/3474\/revisions"}],"up":[{"embeddable":true,"href":"https:\/\/www.dolphindentalsc.com\/es\/wp-json\/wp\/v2\/pages\/3300"}],"wp:featuredmedia":[{"embeddable":true,"href":"https:\/\/www.dolphindentalsc.com\/es\/wp-json\/wp\/v2\/media\/3654"}],"wp:attachment":[{"href":"https:\/\/www.dolphindentalsc.com\/es\/wp-json\/wp\/v2\/media?parent=3474"}],"curies":[{"name":"wp","href":"https:\/\/api.w.org\/{rel}","templated":true}]}}